{"id":19,"date":"2018-07-01T11:09:15","date_gmt":"2018-07-01T02:09:15","guid":{"rendered":"https:\/\/kimonoworldlife.com\/es\/?page_id=19"},"modified":"2019-01-11T15:49:48","modified_gmt":"2019-01-11T06:49:48","slug":"personal","status":"publish","type":"page","link":"https:\/\/kimonoworldlife.com\/es\/personal","title":{"rendered":"Estilismo personal de kimono"},"content":{"rendered":"<h3>La mejor manera de combinar el kimono para usted<\/h3>\n<h4>\u00bfQu\u00e9 es el estilismo personal de kimono?<\/h4>\n<p><img loading=\"lazy\" class=\"wp-image-1935 alignright\" src=\"https:\/\/kimonoworldlife.com\/es\/wp-content\/uploads\/2019\/01\/7A3E9E1B-08A6-45FA-8B7A-047041137376-820x1024.jpeg\" alt=\"\u9f4b\u85e4\u512a\u898byumi saito estilista kimono\" width=\"581\" height=\"726\" srcset=\"https:\/\/kimonoworldlife.com\/es\/wp-content\/uploads\/2019\/01\/7A3E9E1B-08A6-45FA-8B7A-047041137376-820x1024.jpeg 820w, https:\/\/kimonoworldlife.com\/es\/wp-content\/uploads\/2019\/01\/7A3E9E1B-08A6-45FA-8B7A-047041137376-240x300.jpeg 240w, https:\/\/kimonoworldlife.com\/es\/wp-content\/uploads\/2019\/01\/7A3E9E1B-08A6-45FA-8B7A-047041137376-768x960.jpeg 768w, https:\/\/kimonoworldlife.com\/es\/wp-content\/uploads\/2019\/01\/7A3E9E1B-08A6-45FA-8B7A-047041137376.jpeg 1639w\" sizes=\"(max-width: 581px) 100vw, 581px\" \/><br \/>\nMi nombre es Yumi Saito y realizo clases para ense\u00f1ar a vestir y combinar el kimono de la mejor manera posible<\/p>\n<p>Hoy en d\u00eda hay muchos v\u00eddeos en internet de c\u00f3mo vestir el kimono, as\u00ed que puede aprender a pon\u00e9rselo usted mismo. Sin embargo, no todas las personas consiguen vestirlo con encanto. Esto es debido a que no existe un solo m\u00e9todo de vestir el kimono. Como cada persona tiene una forma de cuerpo diferente, (altas, bajas, forma de hombros, anchura de espalda, etc) existen varias t\u00e9cnicos espec\u00edficas para conseguir ocultar las imperfecciones y conseguir mostrar encanto.<\/p>\n<p>Al realizar la combinaci\u00f3n de kimono hay que pensar en los colores y dise\u00f1os m\u00e1s adecuados al ambiente y la situaci\u00f3n en que se vestir\u00e1.<\/p>\n<p>Conozco muy bien la forma de cuerpo de los extranjeros ya que hace 10 a\u00f1os cre\u00e9 una asociaci\u00f3n de kimono en Barcelona , Espa\u00f1a(<a href=\"http:\/\/kimonoclub-barcelona.blogspot.com\/p\/kcb-en-los-medios-de-comunicacion.html\">Kimono Club Barcelona<\/a>) y durante varios a\u00f1os les vest\u00eda y aconsejaba sobre la combinaci\u00f3n de kimono m\u00e1s id\u00f3nea para cada uno de ellos.<\/p>\n<p>Desde que volv\u00ed a Jap\u00f3n contin\u00fao realizando este tipo de actividades vistiendo y asesorando tanto a turistas como a extranjeros que residen aqu\u00ed. Estilismo personal para las novias en sus bodas, participantes en alguna ceremonia de t\u00e9 o asistentes que desean vestir kimono en una fiesta son algunos ejemplos de mis clientes.<\/p>\n<p>Si seriamente est\u00e1 interesado en el kimono, no dude en ponerse en contacto conmigo. Le ense\u00f1ar\u00e9 mi t\u00e9cnica particular.<\/p>\n<p>&nbsp;<\/p>\n<p>&nbsp;<\/p>\n<h4>Las actividades del kimono que hacia en Barcelona, Espa\u00f1a<\/h4>\n<p><a href=\"http:\/\/kimonoclub-barcelona.blogspot.com\/p\/kcb-en-los-medios-de-comunicacion.html\"><img loading=\"lazy\" class=\"alignnone size-full wp-image-1966\" src=\"https:\/\/kimonoworldlife.com\/es\/wp-content\/uploads\/2019\/01\/1bbff61f7e30bc2d13411a171d84e7aa.png\" alt=\"kimonoclubbarcelona \u30ad\u30e2\u30ce\u30af\u30e9\u30d6\u30d0\u30eb\u30bb\u30ed\u30ca\" width=\"864\" height=\"276\" srcset=\"https:\/\/kimonoworldlife.com\/es\/wp-content\/uploads\/2019\/01\/1bbff61f7e30bc2d13411a171d84e7aa.png 864w, https:\/\/kimonoworldlife.com\/es\/wp-content\/uploads\/2019\/01\/1bbff61f7e30bc2d13411a171d84e7aa-300x96.png 300w, https:\/\/kimonoworldlife.com\/es\/wp-content\/uploads\/2019\/01\/1bbff61f7e30bc2d13411a171d84e7aa-768x245.png 768w\" sizes=\"(max-width: 864px) 100vw, 864px\" \/><\/a><\/p>\n<p>Aqu\u00f1i tiene la historia de Kimono Club Barcelona, una entidad cultural fundada por Yumi Saito en el a\u00f1o 2008 con el objetivo de divulgar la cultura del kimono en Barcelona, Catalunya y Espa\u00f1a. Hasta el a\u00f1o 2016 esta entidad organiz\u00f3 clases para aprender a vestir el kimono, exhibiciones, desfiles, conferencias y talleres. Se ha recopilado toda la informaci\u00f3n que aparec\u00eda en la antigua web de Kimono Club Barcelona para que pueda ser consultada y permanezca en el recuerdo de todos.<\/p>\n<p><img loading=\"lazy\" class=\"alignnone size-full wp-image-1968\" src=\"https:\/\/kimonoworldlife.com\/es\/wp-content\/uploads\/2019\/01\/4.jpg\" alt=\"los medios de comunicacion kimono\" width=\"2100\" height=\"500\" srcset=\"https:\/\/kimonoworldlife.com\/es\/wp-content\/uploads\/2019\/01\/4.jpg 2100w, https:\/\/kimonoworldlife.com\/es\/wp-content\/uploads\/2019\/01\/4-300x71.jpg 300w, https:\/\/kimonoworldlife.com\/es\/wp-content\/uploads\/2019\/01\/4-768x183.jpg 768w, https:\/\/kimonoworldlife.com\/es\/wp-content\/uploads\/2019\/01\/4-1024x244.jpg 1024w\" sizes=\"(max-width: 2100px) 100vw, 2100px\" \/><\/p>\n<p>&nbsp;<\/p>\n<p>&nbsp;<\/p>\n<h4>Estilismo personal que hice YUMI SAITO<\/h4>\n<p><img loading=\"lazy\" class=\"alignnone wp-image-1956 \" src=\"https:\/\/kimonoworldlife.com\/es\/wp-content\/uploads\/2019\/01\/1.jpg\" alt=\"Estilismo del kimono Foto y alquirer kimono\" width=\"2478\" height=\"589\" srcset=\"https:\/\/kimonoworldlife.com\/es\/wp-content\/uploads\/2019\/01\/1.jpg 2100w, https:\/\/kimonoworldlife.com\/es\/wp-content\/uploads\/2019\/01\/1-300x71.jpg 300w, https:\/\/kimonoworldlife.com\/es\/wp-content\/uploads\/2019\/01\/1-768x183.jpg 768w, https:\/\/kimonoworldlife.com\/es\/wp-content\/uploads\/2019\/01\/1-1024x244.jpg 1024w\" sizes=\"(max-width: 2478px) 100vw, 2478px\" \/><\/p>\n<p><img loading=\"lazy\" class=\"size-full wp-image-1959\" src=\"https:\/\/kimonoworldlife.com\/es\/wp-content\/uploads\/2019\/01\/2.jpg\" alt=\"\" width=\"2100\" height=\"500\" srcset=\"https:\/\/kimonoworldlife.com\/es\/wp-content\/uploads\/2019\/01\/2.jpg 2100w, https:\/\/kimonoworldlife.com\/es\/wp-content\/uploads\/2019\/01\/2-300x71.jpg 300w, https:\/\/kimonoworldlife.com\/es\/wp-content\/uploads\/2019\/01\/2-768x183.jpg 768w, https:\/\/kimonoworldlife.com\/es\/wp-content\/uploads\/2019\/01\/2-1024x244.jpg 1024w\" sizes=\"(max-width: 2100px) 100vw, 2100px\" \/><\/p>\n<p><img loading=\"lazy\" class=\"alignnone size-full wp-image-1960\" src=\"https:\/\/kimonoworldlife.com\/es\/wp-content\/uploads\/2019\/01\/3.jpg\" alt=\"Estilismo del kimono Foto y alquirer kimono\" width=\"2100\" height=\"500\" srcset=\"https:\/\/kimonoworldlife.com\/es\/wp-content\/uploads\/2019\/01\/3.jpg 2100w, https:\/\/kimonoworldlife.com\/es\/wp-content\/uploads\/2019\/01\/3-300x71.jpg 300w, https:\/\/kimonoworldlife.com\/es\/wp-content\/uploads\/2019\/01\/3-768x183.jpg 768w, https:\/\/kimonoworldlife.com\/es\/wp-content\/uploads\/2019\/01\/3-1024x244.jpg 1024w\" sizes=\"(max-width: 2100px) 100vw, 2100px\" \/><\/p>\n<p>El servicio de la sesi\u00f3n fotogr\u00e1fica en kimono desde <a href=\"https:\/\/kimonoworldlife.com\/es\/la-fotografia-con-kimono\">aqu\u00ed.<\/a><\/p>\n<h4><\/h4>\n","protected":false},"excerpt":{"rendered":"<p>La mejor manera de combinar el kimono para usted \u00bfQu\u00e9 es el estilismo personal de kimono? Mi nombre es Yumi Saito y realizo clases para ense\u00f1ar a vestir y combinar el kimono de la mejor manera posible Hoy en d\u00eda hay muchos v\u00eddeos en internet de c\u00f3mo vestir el kimono, as\u00ed que puede aprender a pon\u00e9rselo usted mismo. Sin embargo, no todas las personas consiguen vestirlo con encanto. Esto es debido a que no existe un solo m\u00e9todo de vestir el kimono. Como cada persona tiene una forma de cuerpo diferente, (altas, bajas, forma de hombros, anchura de espalda, etc) existen varias t\u00e9cnicos espec\u00edficas para conseguir ocultar las imperfecciones y &#8230; <a class=\"moretag\" href=\"https:\/\/kimonoworldlife.com\/es\/personal\">[Leer m\u00e1s]<\/a><\/p>\n","protected":false},"author":1,"featured_media":0,"parent":0,"menu_order":0,"comment_status":"closed","ping_status":"closed","template":"","meta":{"_monsterinsights_skip_tracking":false,"_monsterinsights_sitenote_active":false,"_monsterinsights_sitenote_note":"","_monsterinsights_sitenote_category":0},"_links":{"self":[{"href":"https:\/\/kimonoworldlife.com\/es\/wp-json\/wp\/v2\/pages\/19"}],"collection":[{"href":"https:\/\/kimonoworldlife.com\/es\/wp-json\/wp\/v2\/pages"}],"about":[{"href":"https:\/\/kimonoworldlife.com\/es\/wp-json\/wp\/v2\/types\/page"}],"author":[{"embeddable":true,"href":"https:\/\/kimonoworldlife.com\/es\/wp-json\/wp\/v2\/users\/1"}],"replies":[{"embeddable":true,"href":"https:\/\/kimonoworldlife.com\/es\/wp-json\/wp\/v2\/comments?post=19"}],"version-history":[{"count":67,"href":"https:\/\/kimonoworldlife.com\/es\/wp-json\/wp\/v2\/pages\/19\/revisions"}],"predecessor-version":[{"id":1996,"href":"https:\/\/kimonoworldlife.com\/es\/wp-json\/wp\/v2\/pages\/19\/revisions\/1996"}],"wp:attachment":[{"href":"https:\/\/kimonoworldlife.com\/es\/wp-json\/wp\/v2\/media?parent=19"}],"curies":[{"name":"wp","href":"https:\/\/api.w.org\/{rel}","templated":true}]}}